{"id":12,"date":"2018-05-18T12:07:33","date_gmt":"2018-05-18T12:07:33","guid":{"rendered":"http:\/\/marve.pl\/?page_id=12"},"modified":"2021-06-29T08:03:57","modified_gmt":"2021-06-29T08:03:57","slug":"wszystko-o-pet","status":"publish","type":"page","link":"https:\/\/ekou.eu\/?page_id=12","title":{"rendered":"Wszystko o PET"},"content":{"rendered":"\t\t<div data-elementor-type=\"wp-post\" data-elementor-id=\"12\" class=\"elementor elementor-12\">\n\t\t\t\t\t\t<div class=\"elementor-inner\">\n\t\t\t\t<div class=\"elementor-section-wrap\">\n\t\t\t\t\t\t\t\t\t<section class=\"elementor-section elementor-top-section elementor-element elementor-element-b5314dd elementor-section-boxed elementor-section-height-default elementor-section-height-default\" data-id=\"b5314dd\" data-element_type=\"section\" id=\"menu\" data-settings=\"{&quot;background_background&quot;:&quot;classic&quot;}\">\n\t\t\t\t\t\t<div class=\"elementor-container elementor-column-gap-extended\">\n\t\t\t\t\t\t\t<div class=\"elementor-row\">\n\t\t\t\t\t<div class=\"elementor-column elementor-col-50 elementor-top-column elementor-element elementor-element-1dfc118c\" data-id=\"1dfc118c\" data-element_type=\"column\">\n\t\t\t<div class=\"elementor-column-wrap elementor-element-populated\">\n\t\t\t\t\t\t\t<div class=\"elementor-widget-wrap\">\n\t\t\t\t\t\t<div class=\"elementor-element elementor-element-4bdd1c56 elementor-invisible elementor-widget elementor-widget-image\" data-id=\"4bdd1c56\" data-element_type=\"widget\" data-settings=\"{&quot;_animation&quot;:&quot;zoomIn&quot;}\" data-widget_type=\"image.default\">\n\t\t\t\t<div class=\"elementor-widget-container\">\n\t\t\t\t\t\t\t\t<div class=\"elementor-image\">\n\t\t\t\t\t\t\t\t\t\t\t\t<img width=\"768\" height=\"223\" src=\"https:\/\/ekou.eu\/wp-content\/uploads\/2020\/11\/EKOU-LOGO-768x223-1.png\" class=\"attachment-full size-full wp-image-599\" alt=\"\" loading=\"lazy\" srcset=\"https:\/\/ekou.eu\/wp-content\/uploads\/2020\/11\/EKOU-LOGO-768x223-1.png 768w, https:\/\/ekou.eu\/wp-content\/uploads\/2020\/11\/EKOU-LOGO-768x223-1-300x87.png 300w\" sizes=\"100vw\" \/>\t\t\t\t\t\t\t\t\t\t\t\t\t\t<\/div>\n\t\t\t\t\t\t<\/div>\n\t\t\t\t<\/div>\n\t\t\t\t\t\t<\/div>\n\t\t\t\t\t<\/div>\n\t\t<\/div>\n\t\t\t\t<div class=\"elementor-column elementor-col-50 elementor-top-column elementor-element elementor-element-5577cf78\" data-id=\"5577cf78\" data-element_type=\"column\">\n\t\t\t<div class=\"elementor-column-wrap elementor-element-populated\">\n\t\t\t\t\t\t\t<div class=\"elementor-widget-wrap\">\n\t\t\t\t\t\t<div class=\"elementor-element elementor-element-53711542 elementor-nav-menu__align-center elementor-nav-menu__text-align-center elementor-nav-menu--dropdown-tablet elementor-nav-menu--toggle elementor-nav-menu--burger elementor-invisible elementor-widget elementor-widget-nav-menu\" data-id=\"53711542\" data-element_type=\"widget\" data-settings=\"{&quot;_animation&quot;:&quot;zoomIn&quot;,&quot;submenu_icon&quot;:{&quot;value&quot;:&quot;&quot;,&quot;library&quot;:&quot;&quot;},&quot;layout&quot;:&quot;horizontal&quot;,&quot;toggle&quot;:&quot;burger&quot;}\" data-widget_type=\"nav-menu.default\">\n\t\t\t\t<div class=\"elementor-widget-container\">\n\t\t\t\t\t\t<nav migration_allowed=\"1\" migrated=\"0\" role=\"navigation\" class=\"elementor-nav-menu--main elementor-nav-menu__container elementor-nav-menu--layout-horizontal e--pointer-none\"><ul id=\"menu-1-53711542\" class=\"elementor-nav-menu\"><li class=\"menu-item menu-item-type-post_type menu-item-object-page menu-item-home menu-item-34\"><a href=\"https:\/\/ekou.eu\/\" class=\"elementor-item\">Strona g\u0142\u00f3wna<\/a><\/li>\n<li class=\"menu-item menu-item-type-post_type menu-item-object-page menu-item-33\"><a href=\"https:\/\/ekou.eu\/?page_id=6\" class=\"elementor-item\">Preformy<\/a><\/li>\n<li class=\"menu-item menu-item-type-post_type menu-item-object-page menu-item-32\"><a href=\"https:\/\/ekou.eu\/?page_id=8\" class=\"elementor-item\">Butelki<\/a><\/li>\n<li class=\"menu-item menu-item-type-post_type menu-item-object-page menu-item-31\"><a href=\"https:\/\/ekou.eu\/?page_id=10\" class=\"elementor-item\">Zamkni\u0119cia<\/a><\/li>\n<li class=\"menu-item menu-item-type-post_type menu-item-object-page menu-item-30\"><a href=\"https:\/\/ekou.eu\/?page_id=12\" class=\"elementor-item\">Wszystko o PET<\/a><\/li>\n<li class=\"menu-item menu-item-type-post_type menu-item-object-page menu-item-29\"><a href=\"https:\/\/ekou.eu\/?page_id=14\" class=\"elementor-item\">Kontakt<\/a><\/li>\n<\/ul><\/nav>\n\t\t\t\t\t<div class=\"elementor-menu-toggle\" role=\"button\" tabindex=\"0\" aria-label=\"Menu Toggle\" aria-expanded=\"false\">\n\t\t\t<i class=\"eicon-menu-bar\" aria-hidden=\"true\" role=\"presentation\"><\/i>\n\t\t\t<span class=\"elementor-screen-only\">Menu<\/span>\n\t\t<\/div>\n\t\t\t<nav class=\"elementor-nav-menu--dropdown elementor-nav-menu__container\" role=\"navigation\" aria-hidden=\"true\"><ul id=\"menu-2-53711542\" class=\"elementor-nav-menu\"><li class=\"menu-item menu-item-type-post_type menu-item-object-page menu-item-home menu-item-34\"><a href=\"https:\/\/ekou.eu\/\" class=\"elementor-item\" tabindex=\"-1\">Strona g\u0142\u00f3wna<\/a><\/li>\n<li class=\"menu-item menu-item-type-post_type menu-item-object-page menu-item-33\"><a href=\"https:\/\/ekou.eu\/?page_id=6\" class=\"elementor-item\" tabindex=\"-1\">Preformy<\/a><\/li>\n<li class=\"menu-item menu-item-type-post_type menu-item-object-page menu-item-32\"><a href=\"https:\/\/ekou.eu\/?page_id=8\" class=\"elementor-item\" tabindex=\"-1\">Butelki<\/a><\/li>\n<li class=\"menu-item menu-item-type-post_type menu-item-object-page menu-item-31\"><a href=\"https:\/\/ekou.eu\/?page_id=10\" class=\"elementor-item\" tabindex=\"-1\">Zamkni\u0119cia<\/a><\/li>\n<li class=\"menu-item menu-item-type-post_type menu-item-object-page menu-item-30\"><a href=\"https:\/\/ekou.eu\/?page_id=12\" class=\"elementor-item\" tabindex=\"-1\">Wszystko o PET<\/a><\/li>\n<li class=\"menu-item menu-item-type-post_type menu-item-object-page menu-item-29\"><a href=\"https:\/\/ekou.eu\/?page_id=14\" class=\"elementor-item\" tabindex=\"-1\">Kontakt<\/a><\/li>\n<\/ul><\/nav>\n\t\t\t\t<\/div>\n\t\t\t\t<\/div>\n\t\t\t\t\t\t<\/div>\n\t\t\t\t\t<\/div>\n\t\t<\/div>\n\t\t\t\t\t\t\t\t<\/div>\n\t\t\t\t\t<\/div>\n\t\t<\/section>\n\t\t\t\t<section class=\"elementor-section elementor-top-section elementor-element elementor-element-5fccd39b elementor-section-full_width elementor-section-height-default elementor-section-height-default\" data-id=\"5fccd39b\" data-element_type=\"section\" data-settings=\"{&quot;background_background&quot;:&quot;classic&quot;}\">\n\t\t\t\t\t\t\t<div class=\"elementor-background-overlay\"><\/div>\n\t\t\t\t\t\t\t<div class=\"elementor-container elementor-column-gap-no\">\n\t\t\t\t\t\t\t<div class=\"elementor-row\">\n\t\t\t\t\t<div class=\"elementor-column elementor-col-100 elementor-top-column elementor-element elementor-element-75955ccc\" data-id=\"75955ccc\" data-element_type=\"column\" data-settings=\"{&quot;background_background&quot;:&quot;classic&quot;}\">\n\t\t\t<div class=\"elementor-column-wrap elementor-element-populated\">\n\t\t\t\t\t<div class=\"elementor-background-overlay\"><\/div>\n\t\t\t\t\t\t\t<div class=\"elementor-widget-wrap\">\n\t\t\t\t\t\t<div class=\"elementor-element elementor-element-ee69edc elementor-widget elementor-widget-text-editor\" data-id=\"ee69edc\" data-element_type=\"widget\" data-widget_type=\"text-editor.default\">\n\t\t\t\t<div class=\"elementor-widget-container\">\n\t\t\t\t\t\t\t\t<div class=\"elementor-text-editor elementor-clearfix\">\n\t\t\t\t<p>WSZYSTKO O PET<\/p>\t\t\t\t\t<\/div>\n\t\t\t\t\t\t<\/div>\n\t\t\t\t<\/div>\n\t\t\t\t\t\t<\/div>\n\t\t\t\t\t<\/div>\n\t\t<\/div>\n\t\t\t\t\t\t\t\t<\/div>\n\t\t\t\t\t<\/div>\n\t\t<\/section>\n\t\t\t\t<section class=\"elementor-section elementor-top-section elementor-element elementor-element-2fe7a893 elementor-section-full_width elementor-section-height-default elementor-section-height-default\" data-id=\"2fe7a893\" data-element_type=\"section\" data-settings=\"{&quot;background_background&quot;:&quot;classic&quot;}\">\n\t\t\t\t\t\t\t<div class=\"elementor-background-overlay\"><\/div>\n\t\t\t\t\t\t\t<div class=\"elementor-container elementor-column-gap-no\">\n\t\t\t\t\t\t\t<div class=\"elementor-row\">\n\t\t\t\t\t<div class=\"elementor-column elementor-col-100 elementor-top-column elementor-element elementor-element-5cad176a\" data-id=\"5cad176a\" data-element_type=\"column\" data-settings=\"{&quot;background_background&quot;:&quot;classic&quot;}\">\n\t\t\t<div class=\"elementor-column-wrap elementor-element-populated\">\n\t\t\t\t\t<div class=\"elementor-background-overlay\"><\/div>\n\t\t\t\t\t\t\t<div class=\"elementor-widget-wrap\">\n\t\t\t\t\t\t<section class=\"elementor-section elementor-inner-section elementor-element elementor-element-312bb874 elementor-section-boxed elementor-section-height-default elementor-section-height-default elementor-invisible\" data-id=\"312bb874\" data-element_type=\"section\" data-settings=\"{&quot;animation&quot;:&quot;fadeInUp&quot;}\">\n\t\t\t\t\t\t<div class=\"elementor-container elementor-column-gap-no\">\n\t\t\t\t\t\t\t<div class=\"elementor-row\">\n\t\t\t\t\t<div class=\"elementor-column elementor-col-100 elementor-inner-column elementor-element elementor-element-416c29cb\" data-id=\"416c29cb\" data-element_type=\"column\">\n\t\t\t<div class=\"elementor-column-wrap elementor-element-populated\">\n\t\t\t\t\t\t\t<div class=\"elementor-widget-wrap\">\n\t\t\t\t\t\t<div class=\"elementor-element elementor-element-5c9c666a elementor-widget elementor-widget-image\" data-id=\"5c9c666a\" data-element_type=\"widget\" data-widget_type=\"image.default\">\n\t\t\t\t<div class=\"elementor-widget-container\">\n\t\t\t\t\t\t\t\t<div class=\"elementor-image\">\n\t\t\t\t\t\t\t\t\t\t\t\t<img width=\"525\" height=\"83\" src=\"https:\/\/ekou.eu\/wp-content\/uploads\/2018\/05\/butelki.jpg\" class=\"attachment-large size-large wp-image-43\" alt=\"\" loading=\"lazy\" srcset=\"https:\/\/ekou.eu\/wp-content\/uploads\/2018\/05\/butelki.jpg 980w, https:\/\/ekou.eu\/wp-content\/uploads\/2018\/05\/butelki-300x47.jpg 300w, https:\/\/ekou.eu\/wp-content\/uploads\/2018\/05\/butelki-768x121.jpg 768w\" sizes=\"100vw\" \/>\t\t\t\t\t\t\t\t\t\t\t\t\t\t<\/div>\n\t\t\t\t\t\t<\/div>\n\t\t\t\t<\/div>\n\t\t\t\t\t\t<\/div>\n\t\t\t\t\t<\/div>\n\t\t<\/div>\n\t\t\t\t\t\t\t\t<\/div>\n\t\t\t\t\t<\/div>\n\t\t<\/section>\n\t\t\t\t\t\t<\/div>\n\t\t\t\t\t<\/div>\n\t\t<\/div>\n\t\t\t\t\t\t\t\t<\/div>\n\t\t\t\t\t<\/div>\n\t\t<\/section>\n\t\t\t\t<section class=\"elementor-section elementor-top-section elementor-element elementor-element-3857e2f1 elementor-section-content-bottom elementor-section-boxed elementor-section-height-default elementor-section-height-default\" data-id=\"3857e2f1\" data-element_type=\"section\" id=\"ofirmie\">\n\t\t\t\t\t\t<div class=\"elementor-container elementor-column-gap-no\">\n\t\t\t\t\t\t\t<div class=\"elementor-row\">\n\t\t\t\t\t<div class=\"elementor-column elementor-col-100 elementor-top-column elementor-element elementor-element-3c12528f elementor-invisible\" data-id=\"3c12528f\" data-element_type=\"column\" data-settings=\"{&quot;background_background&quot;:&quot;classic&quot;,&quot;animation&quot;:&quot;zoomIn&quot;}\">\n\t\t\t<div class=\"elementor-column-wrap elementor-element-populated\">\n\t\t\t\t\t\t\t<div class=\"elementor-widget-wrap\">\n\t\t\t\t\t\t<div class=\"elementor-element elementor-element-3107f50b elementor-widget elementor-widget-text-editor\" data-id=\"3107f50b\" data-element_type=\"widget\" data-widget_type=\"text-editor.default\">\n\t\t\t\t<div class=\"elementor-widget-container\">\n\t\t\t\t\t\t\t\t<div class=\"elementor-text-editor elementor-clearfix\">\n\t\t\t\t<p>PET = Politereftalan etylenu nale\u017cy do liniowych poliestr\u00f3w z pier\u015bcieniami aromatycznymi w \u0142a\u0144cuchu. Otrzymuje si\u0119 go w wyniku polikondensacji kwasu tereftalowego z glikolem etylenowym. Zapotrzebowanie na politereftalan etylenu (PET) ro\u015bnie od kilku lat i najnowsze prognozy wskazuj\u0105, ze tendencja ta zostanie utrzymana. G\u0142\u00f3wnym powodem jest zast\u0119powanie szklanych opakowa\u0144 do napoj\u00f3w butelkami PET, kt\u00f3re s\u0105 l\u017cejsze i niet\u0142uk\u0105ce. St\u0105d \u0142atwo\u015b\u0107 dystrybucji oraz ni\u017csze koszty. Najwi\u0119ksze zapotrzebowanie na ten polimer odnotowuje si\u0119 jednak w przemy\u015ble w\u0142\u00f3kienniczym. W ostatnim dwudziestoleciu rynek PET znacznie si\u0119 rozwin\u0105\u0142, dzi\u0119ki konkurencyjno\u015bci w stosunku do tradycyjnych surowc\u00f3w: w\u0142\u00f3kna naturalne, sztuczne, syntetyczne oraz metal, szk\u0142o i karton. Zmianom tym towarzyszy\u0142 rozw\u00f3j nowych technologii i wzrost wydajno\u015bci produkcji, co doprowadzi\u0142o do zmniejszenia koszt\u00f3w wytwarzania. Przeniesienie produkcji do Azji spowodowa\u0142o obni\u017cenie koszt\u00f3w uzyskania w\u0142\u00f3kien PET, dzi\u0119ki niskim kosztom wynagrodze\u0144 w tym regionie \u015bwiata. W przeciwie\u0144stwie do w\u0142\u00f3kien, produkcja preform do butelek jest rozwijana lokalnie w zale\u017cno\u015bci od specyfiki zapotrzebowania na te wyroby oraz mo\u017cliwo\u015bci kapita\u0142owych i technologicznych. Jak b\u0119dzie w przysz\u0142o\u015bci wygl\u0105da\u0107 rynek, zale\u017cy od powstaj\u0105cych w Azji i na Bliskim Wschodzie fabryk produkuj\u0105cych PET na poziomie wy\u017cszym ni\u017c tamtejszy popyt.<br \/>Wykorzystanie tworzywa PET w 2000 r. wynios\u0142o 29 mln ton, z czego 2\/3 stanowi zapotrzebowanie przemys\u0142u w\u0142\u00f3kienniczego. Drugie miejsce zajmuje produkcja opakowa\u0144, ok. 24%. Roczny wzrost wykorzystania PET szacowany jest \u015brednio na 8-10% rocznie. Ten wzrost b\u0119dzie r\u00f3\u017cny w zale\u017cno\u015bci od zaawansowania technologii pakowania. Najwy\u017cszy wzrost, tj. do ok. 20%, prognozowany jest w krajach Ameryki Po\u0142udniowej, Bliskiego Wschodu, Europy Wschodniej i Azji, gdzie coraz cz\u0119\u015bciej zast\u0119puje si\u0119 opakowania szklane i papierowe pojemnikami z PET.<br \/>Najwi\u0119kszy udzia\u0142 ilo\u015bciowy maja butelki do napoj\u00f3w. Przewiduje si\u0119 tak\u017ce rozw\u00f3j produkcji opakowa\u0144 do produkt\u00f3w mlecznych, butelek do piwa oraz innych opakowa\u0144 do wysokowarto\u015bciowych produkt\u00f3w spo\u017cywczych.<br \/>Du\u017ce znaczenie dla producent\u00f3w PET ma r\u00f3wnie\u017c rozw\u00f3j segmentu w\u0142\u00f3kienniczego. Zapotrzebowanie w\u0142\u00f3kiennictwa to 65% ca\u0142kowitej \u015bwiatowej produkcji PET, ok. 37% stanowi\u0105 w\u0142\u00f3kna ci\u0105g\u0142e i ok. 28% w\u0142\u00f3kna ci\u0119te. Pozosta\u0142e zu\u017cycie PET to produkcja folii 13%, ta\u015bm 11% oraz wtrysk 11%. Obecny poziom zapotrzebowania na PET i jego produkcja pozostaje w r\u00f3wnowadze. Nie mo\u017cna jednak nie zauwa\u017cy\u0107 inwestycji w Azji i na Bliskim Wschodzie oraz kierunk\u00f3w rozwoju w\u0142\u00f3kiennictwa, kt\u00f3re w przysz\u0142o\u015bci mog\u0105 przynie\u015b\u0107 nadwy\u017ck\u0119 poda\u017cy. W ten spos\u00f3b istniej\u0105ca r\u00f3wnowaga popytu i poda\u017cy w krajach zachodnich o wysokim poziomie rozwoju technologicznego mo\u017ce zosta\u0107 zachwiana przez wzrost i zmianie struktury w handlu zagranicznym.<br \/>Wielko\u015b\u0107 zu\u017cycia PET zale\u017cy od gospodarki i ekologii. Wa\u017cne jest r\u00f3wnie\u017c podej\u015bcie konsument\u00f3w do ochrony \u015brodowiska, strategia w\u0142adz w dziedzinie recyklingu, rozw\u00f3j demograficzny i inne czynniki wp\u0142ywaj\u0105ce na rynek. Produkcja PET b\u0119dzie musia\u0142a dostosowywa\u0107 si\u0119 do nowych warunk\u00f3w. Koncepcje \u0142\u0105cz\u0105ce obecnie ca\u0142y \u0142a\u0144cuch \u017cycia produktu zmusza do odej\u015bcia od nieproduktywnej gospodarki. Kroki podejmowane w celu konsolidacji i racjonalizacji, tworz\u0105ce nierozerwalny \u0142a\u0144cuch od producenta surowca przez producenta technologii i produktu rynkowego, a\u017c do sprzedawcy, na rynku b\u0119d\u0105 mia\u0142y coraz wi\u0119kszy wp\u0142yw.<br \/>Na taki stan rzeczy ma wp\u0142yw zainteresowanie polimerem bran\u017cy chemii gospodarczej. W trakcie procesu produkcji PET do \u015brodowiska nie s\u0105 emitowane produkty uboczne ani \u015bcieki. G\u0142\u00f3wnym medium procesu jest azot pobierany z atmosfery, a bardzo dobra izolacja d\u017awi\u0119kowa nie powoduje zak\u0142\u00f3ce\u0144 w otaczaj\u0105cym \u015brodowisku.<br \/>PET jest semikrystalicznym technicznym tworzywem sztucznym o wysokiej wytrzyma\u0142o\u015bci i ci\u0105gliwo\u015bci, doskonalej skrawalno\u015bci, co zapewnia szeroki zakres jego zastosowa\u0144.<\/p>\t\t\t\t\t<\/div>\n\t\t\t\t\t\t<\/div>\n\t\t\t\t<\/div>\n\t\t\t\t\t\t<\/div>\n\t\t\t\t\t<\/div>\n\t\t<\/div>\n\t\t\t\t\t\t\t\t<\/div>\n\t\t\t\t\t<\/div>\n\t\t<\/section>\n\t\t\t\t<section class=\"elementor-section elementor-top-section elementor-element elementor-element-334d8fc9 elementor-section-boxed elementor-section-height-default elementor-section-height-default\" data-id=\"334d8fc9\" data-element_type=\"section\" id=\"wspolpraca\" data-settings=\"{&quot;background_background&quot;:&quot;classic&quot;}\">\n\t\t\t\t\t\t\t<div class=\"elementor-background-overlay\"><\/div>\n\t\t\t\t\t\t\t<div class=\"elementor-container elementor-column-gap-no\">\n\t\t\t\t\t\t\t<div class=\"elementor-row\">\n\t\t\t\t\t<div class=\"elementor-column elementor-col-100 elementor-top-column elementor-element elementor-element-320a8082\" data-id=\"320a8082\" data-element_type=\"column\" data-settings=\"{&quot;background_background&quot;:&quot;classic&quot;}\">\n\t\t\t<div class=\"elementor-column-wrap elementor-element-populated\">\n\t\t\t\t\t<div class=\"elementor-background-overlay\"><\/div>\n\t\t\t\t\t\t\t<div class=\"elementor-widget-wrap\">\n\t\t\t\t\t\t<section class=\"elementor-section elementor-inner-section elementor-element elementor-element-26b6ddf1 elementor-section-boxed elementor-section-height-default elementor-section-height-default elementor-invisible\" data-id=\"26b6ddf1\" data-element_type=\"section\" data-settings=\"{&quot;animation&quot;:&quot;fadeInLeft&quot;}\">\n\t\t\t\t\t\t<div class=\"elementor-container elementor-column-gap-no\">\n\t\t\t\t\t\t\t<div class=\"elementor-row\">\n\t\t\t\t\t<div class=\"elementor-column elementor-col-100 elementor-inner-column elementor-element elementor-element-43d44234\" data-id=\"43d44234\" data-element_type=\"column\">\n\t\t\t<div class=\"elementor-column-wrap elementor-element-populated\">\n\t\t\t\t\t\t\t<div class=\"elementor-widget-wrap\">\n\t\t\t\t\t\t<div class=\"elementor-element elementor-element-3d994e0c elementor-widget elementor-widget-text-editor\" data-id=\"3d994e0c\" data-element_type=\"widget\" data-widget_type=\"text-editor.default\">\n\t\t\t\t<div class=\"elementor-widget-container\">\n\t\t\t\t\t\t\t\t<div class=\"elementor-text-editor elementor-clearfix\">\n\t\t\t\t<p>Na oferowane przez nas wy\u017cej wymienione wyroby posiadamy atesty dopuszczaj\u0105ce do kontaktu z \u017cywno\u015bci\u0105.<\/p><p>Zapraszamy do wsp\u00f3\u0142pracy.<\/p>\t\t\t\t\t<\/div>\n\t\t\t\t\t\t<\/div>\n\t\t\t\t<\/div>\n\t\t\t\t\t\t<\/div>\n\t\t\t\t\t<\/div>\n\t\t<\/div>\n\t\t\t\t\t\t\t\t<\/div>\n\t\t\t\t\t<\/div>\n\t\t<\/section>\n\t\t\t\t\t\t<\/div>\n\t\t\t\t\t<\/div>\n\t\t<\/div>\n\t\t\t\t\t\t\t\t<\/div>\n\t\t\t\t\t<\/div>\n\t\t<\/section>\n\t\t\t\t<section class=\"elementor-section elementor-top-section elementor-element elementor-element-0d52ef4 elementor-section-boxed elementor-section-height-default elementor-section-height-default\" data-id=\"0d52ef4\" data-element_type=\"section\">\n\t\t\t\t\t\t<div class=\"elementor-container elementor-column-gap-default\">\n\t\t\t\t\t\t\t<div class=\"elementor-row\">\n\t\t\t\t\t<div class=\"elementor-column elementor-col-100 elementor-top-column elementor-element elementor-element-11b280e\" data-id=\"11b280e\" data-element_type=\"column\" data-settings=\"{&quot;background_background&quot;:&quot;classic&quot;}\">\n\t\t\t<div class=\"elementor-column-wrap elementor-element-populated\">\n\t\t\t\t\t\t\t<div class=\"elementor-widget-wrap\">\n\t\t\t\t\t\t<div class=\"elementor-element elementor-element-4d3244a elementor-widget elementor-widget-image\" data-id=\"4d3244a\" data-element_type=\"widget\" data-widget_type=\"image.default\">\n\t\t\t\t<div class=\"elementor-widget-container\">\n\t\t\t\t\t\t\t\t<div class=\"elementor-image\">\n\t\t\t\t\t\t\t\t\t\t\t\t<img width=\"860\" height=\"250\" src=\"https:\/\/ekou.eu\/wp-content\/uploads\/2020\/11\/cropped-EKOU-LOGO-768x223-1.png\" class=\"attachment-full size-full wp-image-600\" alt=\"\" loading=\"lazy\" srcset=\"https:\/\/ekou.eu\/wp-content\/uploads\/2020\/11\/cropped-EKOU-LOGO-768x223-1.png 860w, https:\/\/ekou.eu\/wp-content\/uploads\/2020\/11\/cropped-EKOU-LOGO-768x223-1-300x87.png 300w, https:\/\/ekou.eu\/wp-content\/uploads\/2020\/11\/cropped-EKOU-LOGO-768x223-1-768x223.png 768w\" sizes=\"100vw\" \/>\t\t\t\t\t\t\t\t\t\t\t\t\t\t<\/div>\n\t\t\t\t\t\t<\/div>\n\t\t\t\t<\/div>\n\t\t\t\t<div class=\"elementor-element elementor-element-bfda2b7 elementor-align-left elementor-icon-list--layout-traditional elementor-list-item-link-full_width elementor-widget elementor-widget-icon-list\" data-id=\"bfda2b7\" data-element_type=\"widget\" data-widget_type=\"icon-list.default\">\n\t\t\t\t<div class=\"elementor-widget-container\">\n\t\t\t\t\t<ul class=\"elementor-icon-list-items\">\n\t\t\t\t\t\t\t<li class=\"elementor-icon-list-item\">\n\t\t\t\t\t\t\t\t\t\t\t<span class=\"elementor-icon-list-icon\">\n\t\t\t\t\t\t\t<i aria-hidden=\"true\" class=\"fas fa-industry\"><\/i>\t\t\t\t\t\t<\/span>\n\t\t\t\t\t\t\t\t\t\t<span class=\"elementor-icon-list-text\">EKOU sp. z o.o.\u200b<\/span>\n\t\t\t\t\t\t\t\t\t<\/li>\n\t\t\t\t\t\t\t\t<li class=\"elementor-icon-list-item\">\n\t\t\t\t\t\t\t\t\t\t\t<span class=\"elementor-icon-list-icon\">\n\t\t\t\t\t\t\t<i aria-hidden=\"true\" class=\"fas fa-map-marker-alt\"><\/i>\t\t\t\t\t\t<\/span>\n\t\t\t\t\t\t\t\t\t\t<span class=\"elementor-icon-list-text\">Dyl\u00f3w Szlachecki 92<\/br> 98-330 Paj\u0119czno<\/span>\n\t\t\t\t\t\t\t\t\t<\/li>\n\t\t\t\t\t\t\t\t<li class=\"elementor-icon-list-item\">\n\t\t\t\t\t\t\t\t\t\t\t<a href=\"tel:48505202220\">\n\n\t\t\t\t\t\t\t\t\t\t\t\t<span class=\"elementor-icon-list-icon\">\n\t\t\t\t\t\t\t<i aria-hidden=\"true\" class=\"fas fa-phone\"><\/i>\t\t\t\t\t\t<\/span>\n\t\t\t\t\t\t\t\t\t\t<span class=\"elementor-icon-list-text\">48&nbsp;505 24 22 20<\/span>\n\t\t\t\t\t\t\t\t\t\t\t<\/a>\n\t\t\t\t\t\t\t\t\t<\/li>\n\t\t\t\t\t\t\t\t<li class=\"elementor-icon-list-item\">\n\t\t\t\t\t\t\t\t\t\t\t<a href=\"mailto:ekou@ekou.eu\">\n\n\t\t\t\t\t\t\t\t\t\t\t\t<span class=\"elementor-icon-list-icon\">\n\t\t\t\t\t\t\t<i aria-hidden=\"true\" class=\"fas fa-envelope\"><\/i>\t\t\t\t\t\t<\/span>\n\t\t\t\t\t\t\t\t\t\t<span class=\"elementor-icon-list-text\">ekou@ekou.eu<\/span>\n\t\t\t\t\t\t\t\t\t\t\t<\/a>\n\t\t\t\t\t\t\t\t\t<\/li>\n\t\t\t\t\t\t<\/ul>\n\t\t\t\t<\/div>\n\t\t\t\t<\/div>\n\t\t\t\t\t\t<\/div>\n\t\t\t\t\t<\/div>\n\t\t<\/div>\n\t\t\t\t\t\t\t\t<\/div>\n\t\t\t\t\t<\/div>\n\t\t<\/section>\n\t\t\t\t<section class=\"elementor-section elementor-top-section elementor-element elementor-element-1cc311df elementor-section-content-middle elementor-section-boxed elementor-section-height-default elementor-section-height-default\" data-id=\"1cc311df\" data-element_type=\"section\" data-settings=\"{&quot;background_background&quot;:&quot;classic&quot;}\">\n\t\t\t\t\t\t<div class=\"elementor-container elementor-column-gap-default\">\n\t\t\t\t\t\t\t<div class=\"elementor-row\">\n\t\t\t\t\t<div class=\"elementor-column elementor-col-100 elementor-top-column elementor-element elementor-element-2a505576\" data-id=\"2a505576\" data-element_type=\"column\">\n\t\t\t<div class=\"elementor-column-wrap elementor-element-populated\">\n\t\t\t\t\t\t\t<div class=\"elementor-widget-wrap\">\n\t\t\t\t\t\t<div class=\"elementor-element elementor-element-47b7939e elementor-widget elementor-widget-heading\" data-id=\"47b7939e\" data-element_type=\"widget\" data-widget_type=\"heading.default\">\n\t\t\t\t<div class=\"elementor-widget-container\">\n\t\t\t<h3 class=\"elementor-heading-title elementor-size-medium\">Projekt i realizacja: Pitong<\/h3>\t\t<\/div>\n\t\t\t\t<\/div>\n\t\t\t\t\t\t<\/div>\n\t\t\t\t\t<\/div>\n\t\t<\/div>\n\t\t\t\t\t\t\t\t<\/div>\n\t\t\t\t\t<\/div>\n\t\t<\/section>\n\t\t\t\t\t\t\t\t\t<\/div>\n\t\t\t<\/div>\n\t\t\t\t\t<\/div>\n\t\t","protected":false},"excerpt":{"rendered":"<p>WSZYSTKO O PET PET = Politereftalan etylenu nale\u017cy do liniowych poliestr\u00f3w z pier\u015bcieniami aromatycznymi w \u0142a\u0144cuchu. Otrzymuje si\u0119 go w wyniku polikondensacji kwasu tereftalowego z glikolem etylenowym. Zapotrzebowanie na politereftalan etylenu (PET) ro\u015bnie od kilku lat i najnowsze prognozy wskazuj\u0105, ze tendencja ta zostanie utrzymana. G\u0142\u00f3wnym powodem jest zast\u0119powanie szklanych opakowa\u0144 do napoj\u00f3w butelkami PET, &hellip; <\/p>\n<p class=\"link-more\"><a href=\"https:\/\/ekou.eu\/?page_id=12\" class=\"more-link\">Czytaj dalej<span class=\"screen-reader-text\"> Wszystko o PET<\/span><\/a><\/p>\n","protected":false},"author":1,"featured_media":0,"parent":0,"menu_order":0,"comment_status":"closed","ping_status":"closed","template":"elementor_canvas","meta":[],"aioseo_notices":[],"_links":{"self":[{"href":"https:\/\/ekou.eu\/index.php?rest_route=\/wp\/v2\/pages\/12"}],"collection":[{"href":"https:\/\/ekou.eu\/index.php?rest_route=\/wp\/v2\/pages"}],"about":[{"href":"https:\/\/ekou.eu\/index.php?rest_route=\/wp\/v2\/types\/page"}],"author":[{"embeddable":true,"href":"https:\/\/ekou.eu\/index.php?rest_route=\/wp\/v2\/users\/1"}],"replies":[{"embeddable":true,"href":"https:\/\/ekou.eu\/index.php?rest_route=%2Fwp%2Fv2%2Fcomments&post=12"}],"version-history":[{"count":27,"href":"https:\/\/ekou.eu\/index.php?rest_route=\/wp\/v2\/pages\/12\/revisions"}],"predecessor-version":[{"id":14235,"href":"https:\/\/ekou.eu\/index.php?rest_route=\/wp\/v2\/pages\/12\/revisions\/14235"}],"wp:attachment":[{"href":"https:\/\/ekou.eu\/index.php?rest_route=%2Fwp%2Fv2%2Fmedia&parent=12"}],"curies":[{"name":"wp","href":"https:\/\/api.w.org\/{rel}","templated":true}]}}